{"id":1979,"date":"2015-08-12T12:42:39","date_gmt":"2015-08-12T10:42:39","guid":{"rendered":"https:\/\/starfishpro.eu\/kontakt\/"},"modified":"2022-06-22T08:19:33","modified_gmt":"2022-06-22T06:19:33","slug":"kontakt","status":"publish","type":"page","link":"https:\/\/starfishpro.eu\/pl\/kontakt\/","title":{"rendered":"Kontakt"},"content":{"rendered":"<p>[vc_row][vc_column offset=&#8221;vc_col-md-offset-1 vc_col-md-10&#8243; css=&#8221;.vc_custom_1430761134394{padding-top: 47px !important;}&#8221;][vc_column_text]<\/p>\n<h2>Produkujemy lokalnie. Wysy\u0142amy na ca\u0142y \u015bwiat.<\/h2>\n<p>[\/vc_column_text][\/vc_column][\/vc_row][vc_row][vc_column css=&#8221;.vc_custom_1430758896570{padding-top: 44px !important;}&#8221;]<div class=\"nm-gmap-embed\" style=\"height:500px\"><iframe src=\"https:\/\/www.google.com\/maps\/embed?pb=!1m14!1m8!1m3!1d9978989.039193641!2d23.052454!3d52.365404!3m2!1i1024!2i768!4f13.1!3m3!1m2!1s0x471ecc669a869f01%3A0x72f0be2a88ead3fc!2sWarsaw%2C%20Poland!5e0!3m2!1sen!2sus!4v1647776796434!5m2!1sen!2sus\" width=\"600\" height=\"450\" style=\"border:0;\" allowfullscreen=\"\" loading=\"lazy\"><\/iframe><\/div>[\/vc_column][\/vc_row][vc_row css=&#8221;.vc_custom_1430762920072{padding-top: 66px !important;padding-bottom: 23px !important;}&#8221;][vc_column width=&#8221;1\/3&#8243; offset=&#8221;vc_col-md-offset-1 vc_col-md-3&#8243; css=&#8221;.vc_custom_1430761204074{margin-bottom: 42px !important;}&#8221;]\r\n\t\t\t<div class=\"nm-feature layout-icon_left icon-style-simple bottom-spacing-none\"><div class=\"nm-feature-icon\"><i class=\"pe-7s-paper-plane\" style=\"color: #282828;\"><\/i><\/div>\r\n\t\t\t\t<div class=\"nm-feature-content\"><h2>Skontaktuj si\u0119 z nami.<\/h2>\r\n\t\t\t\t\t<div class=\"wpb_text_column\"><p>Telefon: +48 605 567 446<\/p>\n<p><a href=\"#\">hello@starfishpro.eu<\/a><\/p>\n<\/div>\r\n\t\t\t\t<\/div>\r\n\t\t\t<\/div>[\/vc_column][vc_column width=&#8221;1\/3&#8243; css=&#8221;.vc_custom_1430761276549{margin-bottom: 42px !important;}&#8221; offset=&#8221;vc_col-md-4&#8243;]\r\n\t\t\t<div class=\"nm-feature layout-icon_left icon-style-simple bottom-spacing-none\"><div class=\"nm-feature-icon\"><i class=\"pe-7s-map-marker\" style=\"color: #282828;\"><\/i><\/div>\r\n\t\t\t\t<div class=\"nm-feature-content\"><h2>Jeste\u015bmy tutaj. Poniedzia\u0142ek - Pi\u0105tek.<\/h2>\r\n\t\t\t\t\t<div class=\"wpb_text_column\"><p>Al.Wilanowska 71, Warszawa, Polska<\/p>\n<p><a href=\"#\">Wskaz\u00f3wki dojazdu<\/a><\/p>\n<\/div>\r\n\t\t\t\t<\/div>\r\n\t\t\t<\/div>[\/vc_column][vc_column width=&#8221;1\/3&#8243; css=&#8221;.vc_custom_1430761245107{margin-bottom: 42px !important;}&#8221; offset=&#8221;vc_col-md-3&#8243;]\r\n\t\t\t<div class=\"nm-feature layout-icon_left icon-style-simple bottom-spacing-none\"><div class=\"nm-feature-icon\"><i class=\"pe-7s-portfolio\" style=\"color: #282828;\"><\/i><\/div>\r\n\t\t\t\t<div class=\"nm-feature-content\"><h2>Zam\u00f3wienia specjalne?<\/h2>\r\n\t\t\t\t\t<div class=\"wpb_text_column\"><p>Napisz do nas -&gt;<\/p>\n<p><a href=\"#\">hello@starfishpro.eu<\/a><\/p>\n<\/div>\r\n\t\t\t\t<\/div>\r\n\t\t\t<\/div>[\/vc_column][\/vc_row]<\/p>\n","protected":false},"excerpt":{"rendered":"<p>[vc_row][vc_column offset=&#8221;vc_col-md-offset-1 vc_col-md-10&#8243; css=&#8221;.vc_custom_1430761134394{padding-top: 47px !important;}&#8221;][vc_column_text] Produkujemy lokalnie. Wysy\u0142amy na ca\u0142y \u015bwiat. [\/vc_column_text][\/vc_column][\/vc_row][vc_row][vc_column css=&#8221;.vc_custom_1430758896570{padding-top: 44px !important;}&#8221;][\/vc_column][\/vc_row][vc_row css=&#8221;.vc_custom_1430762920072{padding-top: 66px !important;padding-bottom: 23px !important;}&#8221;][vc_column width=&#8221;1\/3&#8243; offset=&#8221;vc_col-md-offset-1 vc_col-md-3&#8243; css=&#8221;.vc_custom_1430761204074{margin-bottom: 42px !important;}&#8221;][\/vc_column][vc_column width=&#8221;1\/3&#8243; css=&#8221;.vc_custom_1430761276549{margin-bottom: 42px !important;}&#8221; offset=&#8221;vc_col-md-4&#8243;][\/vc_column][vc_column width=&#8221;1\/3&#8243; css=&#8221;.vc_custom_1430761245107{margin-bottom: 42px !important;}&#8221; offset=&#8221;vc_col-md-3&#8243;][\/vc_column][\/vc_row]<\/p>\n","protected":false},"author":1,"featured_media":0,"parent":0,"menu_order":0,"comment_status":"closed","ping_status":"closed","template":"","meta":{"inline_featured_image":false,"footnotes":""},"class_list":["post-1979","page","type-page","status-publish","hentry"],"aioseo_notices":[],"_links":{"self":[{"href":"https:\/\/starfishpro.eu\/pl\/wp-json\/wp\/v2\/pages\/1979","targetHints":{"allow":["GET"]}}],"collection":[{"href":"https:\/\/starfishpro.eu\/pl\/wp-json\/wp\/v2\/pages"}],"about":[{"href":"https:\/\/starfishpro.eu\/pl\/wp-json\/wp\/v2\/types\/page"}],"author":[{"embeddable":true,"href":"https:\/\/starfishpro.eu\/pl\/wp-json\/wp\/v2\/users\/1"}],"replies":[{"embeddable":true,"href":"https:\/\/starfishpro.eu\/pl\/wp-json\/wp\/v2\/comments?post=1979"}],"version-history":[{"count":15,"href":"https:\/\/starfishpro.eu\/pl\/wp-json\/wp\/v2\/pages\/1979\/revisions"}],"predecessor-version":[{"id":3563,"href":"https:\/\/starfishpro.eu\/pl\/wp-json\/wp\/v2\/pages\/1979\/revisions\/3563"}],"wp:attachment":[{"href":"https:\/\/starfishpro.eu\/pl\/wp-json\/wp\/v2\/media?parent=1979"}],"curies":[{"name":"wp","href":"https:\/\/api.w.org\/{rel}","templated":true}]}}