{"id":3071,"date":"2022-05-26T15:44:59","date_gmt":"2022-05-26T13:44:59","guid":{"rendered":"https:\/\/starfishpro.eu\/o-nas-2\/"},"modified":"2025-12-04T10:58:55","modified_gmt":"2025-12-04T09:58:55","slug":"o-nas","status":"publish","type":"page","link":"https:\/\/starfishpro.eu\/pl\/o-nas\/","title":{"rendered":"O nas"},"content":{"rendered":"<p>[vc_row type=&#8221;full-nopad&#8221; css_animation=&#8221;none&#8221; css=&#8221;.vc_custom_1606896744483{padding-right: 0px !important;padding-left: 0px !important;}&#8221; el_class=&#8221;.sf-fullscreen&#8221;][vc_column css=&#8221;.vc_custom_1439335914871{padding-right: 0px !important;padding-left: 0px !important;}&#8221;]<div class=\"nm-banner-slider plugin-slick pagination-color-gray slick-slider slick-dots-inside has-pagination pagination-mobile-outside pagination-right\" data-arrows=\"true\" data-dots=\"true\" data-speed=\"1500\" data-autoplay=\"true\" data-autoplay-speed=\"3500\" data-infinite=\"true\">\r\n\t\t\t<div class=\"nm-banner content-boxed full-width-parent image-type-fluid has-alt-image text-color-light subtitle-above\" style=\"\"><img loading=\"lazy\" decoding=\"async\" src=\"https:\/\/starfishpro.eu\/wp-content\/uploads\/2021\/12\/pool_photo7-copy.jpg\" width=\"1600\" height=\"560\" alt=\"pool_photo7 copy\" \/><img loading=\"lazy\" decoding=\"async\" src=\"https:\/\/starfishpro.eu\/wp-content\/uploads\/2021\/12\/pool_photo7-copy.jpg\" class=\"nm-banner-alt-image img\" width=\"1600\" height=\"560\" alt=\"pool_photo7 copy\" \/>\r\n\t\t\t\t<div class=\"nm-banner-content\">\r\n\t\t\t\t\t<div class=\"nm-banner-content-inner h_center v_center align_center\">\r\n\t\t\t\t\t\t<div class=\"nm-banner-text xlarge\" style=\"max-width:60%;\">\r\n\t\t\t\t\t\t\t<div class=\"nm-banner-text-inner nm-animated\" data-animate=\"fadeIn\"><a href=\"#\" class=\"nm-banner-link nm-banner-shop-link type-txt\"><\/a><\/div>\r\n\t\t\t\t\t\t<\/div>\r\n\t\t\t\t\t<\/div>\r\n\t\t\t\t<\/div>\r\n\t\t\t<\/div><\/div>[vc_empty_space height=&#8221;47px&#8221;][\/vc_column][\/vc_row][vc_row][vc_column width=&#8221;1\/4&#8243;][vc_column_text]<\/p>\n<h4 style=\"padding-left: 80px;\">3.. 2.. 1.. start<\/h4>\n<p>[\/vc_column_text][\/vc_column][vc_column width=&#8221;7\/12&#8243;][vc_column_text]JAK TO SI\u0118 ZACZ\u0118\u0141O?<\/p>\n<p>Zacz\u0119\u0142o si\u0119 od pomys\u0142u na po\u0142\u0105czenie dw\u00f3ch pasji -&gt; do sportu i sztuki.<\/p>\n<p>P\u0142ywanie jest pi\u0119knym sportem. Pozwala wzmocni\u0107 i cia\u0142o i umys\u0142. Jest relaksuj\u0105ce, zdrowe, ale mo\u017ce by\u0107 te\u017c nastawione na rywalizacj\u0119 i wyciska\u0107 z Ciebie si\u00f3dme poty. Ty decydujesz co jest dla Ciebie najlepsze!<\/p>\n<p>Rozumiemy poj\u0119cie &#8222;sztuka dla sztuki&#8221;! Ale tworzenie rzeczy pi\u0119knych i u\u017cytkowych przemawia do nas du\u017co bardziej! Zabawa kolorami, miksowanie, zestawianie, tworzenie pattern\u00f3w &#8211; to jest to co KOCHAMY robi\u0107! Trendy przychodz\u0105 i odchodz\u0105 &#8211; dobry design jest ponadczasowy. I NIE! wcale si\u0119 nie nudzi.<\/p>\n<p>Czemu by nie zaprojektowa\u0107 stroj\u00f3w p\u0142ywackich, kt\u00f3re b\u0119d\u0105 i wystrza\u0142owe i stylowe? \ud83d\ude00[\/vc_column_text][\/vc_column][\/vc_row][vc_row][vc_column][vc_empty_space height=&#8221;40px&#8221;][\/vc_column][\/vc_row][vc_row][vc_column width=&#8221;1\/4&#8243;][vc_column_text]<\/p>\n<h4 style=\"padding-left: 80px;\">Design &amp; Co<\/h4>\n<p>[\/vc_column_text][\/vc_column][vc_column width=&#8221;7\/12&#8243;][vc_column_text]CO JEST WYJ\u0104TKOWEGO W PROJEKTACH STARFISH?<\/p>\n<p>Ciemne t\u0142a pozwalaj\u0105 b\u0142yszcze\u0107 naszym wzorom. Poniewa\u017c WZORY TO NASZA SPECJALNO\u015a\u0106! Geometria z ma\u0142ym twistem. Pi\u0119kne palety kolorystyczne. Na pewno wyr\u00f3\u017cni\u0105 Ci\u0119 z t\u0142umu! \ud83d\ude42<\/p>\n<p>Kr\u00f3j ka\u017cdego ze stroj\u00f3w jest dobrze przemy\u015blany. Zale\u017cy nam tak samo na wygl\u0105dzie jak i na wygodzie. Wiemy, \u017ce \u201cProstota jest najwy\u017csz\u0105 form\u0105 wyszukania\u201d \ud83d\ude09[\/vc_column_text][\/vc_column][\/vc_row][vc_row][vc_column][vc_empty_space height=&#8221;40px&#8221;][\/vc_column][\/vc_row][vc_row][vc_column width=&#8221;1\/4&#8243;][vc_column_text]<\/p>\n<h4 style=\"padding-left: 80px;\">Materia\u0142y<\/h4>\n<p>[\/vc_column_text][\/vc_column][vc_column width=&#8221;7\/12&#8243;][vc_column_text]W \u015brodowisku chlorowym tkaniny maj\u0105 naprawd\u0119 ci\u0119\u017cko&#8230; W strojach dla zawodnik\u00f3w, u\u017cywamy materia\u0142\u00f3w ca\u0142kowicie odpornych na chlor. Pami\u0119tajcie &gt; odpowiednia piel\u0119gnacja ma ogromne znaczenie. P\u0142uczcie r\u0119cznie sw\u00f3j str\u00f3j po ka\u017cdej sesji treningowej! Starajcie si\u0119 tak\u017ce nie pociera\u0107 kostiumem\/ spodenkami o szorstkie powierzchnie.[\/vc_column_text][\/vc_column][\/vc_row][vc_row][vc_column][vc_empty_space height=&#8221;40px&#8221;][\/vc_column][\/vc_row][vc_row][vc_column width=&#8221;1\/4&#8243;][vc_column_text]<\/p>\n<h4 style=\"padding-left: 80px;\">Kontakt z nami<\/h4>\n<p>[\/vc_column_text][\/vc_column][vc_column width=&#8221;7\/12&#8243;][vc_column_text]Write to us:<br \/>\n<a href=\"#\">hello@starfishpro.eu<\/a><\/p>\n<p>We\u2019ll try to reply as soon as possible.[\/vc_column_text][\/vc_column][\/vc_row][vc_row][vc_column][vc_empty_space height=&#8221;20px&#8221;][\/vc_column][\/vc_row]<\/p>\n","protected":false},"excerpt":{"rendered":"<p>[vc_row type=&#8221;full-nopad&#8221; css_animation=&#8221;none&#8221; css=&#8221;.vc_custom_1606896744483{padding-right: 0px !important;padding-left: 0px !important;}&#8221; el_class=&#8221;.sf-fullscreen&#8221;][vc_column css=&#8221;.vc_custom_1439335914871{padding-right: 0px !important;padding-left: 0px !important;}&#8221;][vc_empty_space height=&#8221;47px&#8221;][\/vc_column][\/vc_row][vc_row][vc_column width=&#8221;1\/4&#8243;][vc_column_text] 3.. 2.. 1.. start [\/vc_column_text][\/vc_column][vc_column width=&#8221;7\/12&#8243;][vc_column_text]JAK TO SI\u0118 ZACZ\u0118\u0141O? Zacz\u0119\u0142o si\u0119 od pomys\u0142u na po\u0142\u0105czenie dw\u00f3ch pasji -&gt; do sportu i sztuki. P\u0142ywanie jest pi\u0119knym sportem. Pozwala wzmocni\u0107 i cia\u0142o i umys\u0142. Jest relaksuj\u0105ce, zdrowe, ale mo\u017ce by\u0107 te\u017c &hellip;<\/p>\n","protected":false},"author":1,"featured_media":0,"parent":0,"menu_order":0,"comment_status":"closed","ping_status":"closed","template":"","meta":{"inline_featured_image":false,"footnotes":""},"class_list":["post-3071","page","type-page","status-publish","hentry"],"aioseo_notices":[],"_links":{"self":[{"href":"https:\/\/starfishpro.eu\/pl\/wp-json\/wp\/v2\/pages\/3071","targetHints":{"allow":["GET"]}}],"collection":[{"href":"https:\/\/starfishpro.eu\/pl\/wp-json\/wp\/v2\/pages"}],"about":[{"href":"https:\/\/starfishpro.eu\/pl\/wp-json\/wp\/v2\/types\/page"}],"author":[{"embeddable":true,"href":"https:\/\/starfishpro.eu\/pl\/wp-json\/wp\/v2\/users\/1"}],"replies":[{"embeddable":true,"href":"https:\/\/starfishpro.eu\/pl\/wp-json\/wp\/v2\/comments?post=3071"}],"version-history":[{"count":26,"href":"https:\/\/starfishpro.eu\/pl\/wp-json\/wp\/v2\/pages\/3071\/revisions"}],"predecessor-version":[{"id":10198,"href":"https:\/\/starfishpro.eu\/pl\/wp-json\/wp\/v2\/pages\/3071\/revisions\/10198"}],"wp:attachment":[{"href":"https:\/\/starfishpro.eu\/pl\/wp-json\/wp\/v2\/media?parent=3071"}],"curies":[{"name":"wp","href":"https:\/\/api.w.org\/{rel}","templated":true}]}}