{"id":3542,"date":"2022-06-21T21:22:16","date_gmt":"2022-06-21T19:22:16","guid":{"rendered":"https:\/\/starfishpro.eu\/zwroty\/"},"modified":"2022-07-13T09:49:50","modified_gmt":"2022-07-13T07:49:50","slug":"zwroty","status":"publish","type":"page","link":"https:\/\/starfishpro.eu\/pl\/zwroty\/","title":{"rendered":"Zwroty"},"content":{"rendered":"<p>[vc_row type=&#8221;boxed&#8221; css=&#8221;.vc_custom_1432752631369{padding-top: 68px !important;}&#8221;][vc_column width=&#8221;1\/4&#8243;][vc_column_text el_class=&#8221;nm-highlight-text&#8221;]<\/p>\n<h4>Jak zwr\u00f3ci\u0107 zakup<\/h4>\n<p>[\/vc_column_text][vc_empty_space height=&#8221;30px&#8221;][\/vc_column][vc_column width=&#8221;3\/4&#8243; offset=&#8221;vc_col-lg-4&#8243;][vc_column_text css_animation=&#8221;&#8221;]<\/p>\n<h6>Co zrobi\u0107 gdy nie chcesz zatrzyma\u0107 kupionego artyku\u0142u?<\/h6>\n<p>[\/vc_column_text][vc_empty_space height=&#8221;14px&#8221;][\/vc_column][vc_column width=&#8221;3\/4&#8243; offset=&#8221;vc_col-lg-5&#8243;][vc_column_text css_animation=&#8221;&#8221;]Ca\u0142y proces jest, oczywi\u015bcie, opisany w Regulaminie, ale to co najwa\u017cniejsze znajdziesz tutaj:<\/p>\n<ul>\n<li>spakuj <strong>nieu\u017cywany<\/strong> kostium, spodenki lub akcesoria do oryginalnego pude\u0142ka<\/li>\n<li>wszelkie metki i wklejki higieniczne musz\u0105 pozosta\u0107 nienaruszone<\/li>\n<li>daj nam zna\u0107 mailem, \u017ce chcesz zwr\u00f3ci\u0107 zam\u00f3wienie lub jego cz\u0119\u015b\u0107 &#8211; masz na to <strong>14 dni<\/strong><\/li>\n<li>poni\u017cej przyk\u0142adowy e-mail &#8211; wype\u0142nij swoimi danymi i prze\u015blij na adres hello@starfishpro.eu :<\/li>\n<\/ul>\n<p>Informuj\u0119 o zwrocie nast\u0119puj\u0105cych artyku\u0142\u00f3w &#8211; &#8230;<\/p>\n<ul>\n<li>Nr zam\u00f3wienia<\/li>\n<li>Data otrzymania przesy\u0142ki z zam\u00f3wieniem<\/li>\n<li>Imi\u0119 i nazwisko klienta<\/li>\n<li>Adres klienta<\/li>\n<li>Data i podpis<\/li>\n<\/ul>\n<p>Po otrzymaniu Twojej paczki zwrotnej, sprawdzamy j\u0105 pod k\u0105tem jakichkolwiek znieszcze\u0144 i je\u015bli artyku\u0142y s\u0105 pe\u0142nowarto\u015bciowe, przesy\u0142amy Ci nale\u017cne pieni\u0119dze.[\/vc_column_text][\/vc_column][\/vc_row][vc_row type=&#8221;boxed&#8221; css=&#8221;.vc_custom_1432752631369{padding-top: 68px !important;}&#8221;][vc_column width=&#8221;1\/4&#8243;][\/vc_column][vc_column width=&#8221;1\/4&#8243; offset=&#8221;vc_col-lg-4&#8243;][vc_column_text css_animation=&#8221;&#8221;]<\/p>\n<h6>Jak przes\u0142a\u0107 do nas zwrot?<\/h6>\n<p>[\/vc_column_text][vc_empty_space height=&#8221;14px&#8221;][\/vc_column][vc_column width=&#8221;1\/2&#8243; offset=&#8221;vc_col-lg-5&#8243;][vc_column_text css_animation=&#8221;&#8221;]Prosimy, prze\u015blij zwracane artyku\u0142y za pomoc\u0105 kuriera na adres:<\/p>\n<p>STARFISHPRO Anna Skawi\u0144ska<\/p>\n<p>Al.Wilanowska 71\/11 02-765 Warszawa<\/p>\n<p>Zwrot jest kosztem klienta.[\/vc_column_text][\/vc_column][\/vc_row][vc_row][vc_column][vc_empty_space height=&#8221;40px&#8221;][\/vc_column][\/vc_row]<\/p>\n","protected":false},"excerpt":{"rendered":"<p>[vc_row type=&#8221;boxed&#8221; css=&#8221;.vc_custom_1432752631369{padding-top: 68px !important;}&#8221;][vc_column width=&#8221;1\/4&#8243;][vc_column_text el_class=&#8221;nm-highlight-text&#8221;] Jak zwr\u00f3ci\u0107 zakup [\/vc_column_text][vc_empty_space height=&#8221;30px&#8221;][\/vc_column][vc_column width=&#8221;3\/4&#8243; offset=&#8221;vc_col-lg-4&#8243;][vc_column_text css_animation=&#8221;&#8221;] Co zrobi\u0107 gdy nie chcesz zatrzyma\u0107 kupionego artyku\u0142u? [\/vc_column_text][vc_empty_space height=&#8221;14px&#8221;][\/vc_column][vc_column width=&#8221;3\/4&#8243; offset=&#8221;vc_col-lg-5&#8243;][vc_column_text css_animation=&#8221;&#8221;]Ca\u0142y proces jest, oczywi\u015bcie, opisany w Regulaminie, ale to co najwa\u017cniejsze znajdziesz tutaj: spakuj nieu\u017cywany kostium, spodenki lub akcesoria do oryginalnego pude\u0142ka wszelkie metki i wklejki higieniczne musz\u0105 &hellip;<\/p>\n","protected":false},"author":1,"featured_media":0,"parent":0,"menu_order":0,"comment_status":"closed","ping_status":"closed","template":"","meta":{"inline_featured_image":false,"footnotes":""},"class_list":["post-3542","page","type-page","status-publish","hentry"],"aioseo_notices":[],"_links":{"self":[{"href":"https:\/\/starfishpro.eu\/pl\/wp-json\/wp\/v2\/pages\/3542","targetHints":{"allow":["GET"]}}],"collection":[{"href":"https:\/\/starfishpro.eu\/pl\/wp-json\/wp\/v2\/pages"}],"about":[{"href":"https:\/\/starfishpro.eu\/pl\/wp-json\/wp\/v2\/types\/page"}],"author":[{"embeddable":true,"href":"https:\/\/starfishpro.eu\/pl\/wp-json\/wp\/v2\/users\/1"}],"replies":[{"embeddable":true,"href":"https:\/\/starfishpro.eu\/pl\/wp-json\/wp\/v2\/comments?post=3542"}],"version-history":[{"count":10,"href":"https:\/\/starfishpro.eu\/pl\/wp-json\/wp\/v2\/pages\/3542\/revisions"}],"predecessor-version":[{"id":3825,"href":"https:\/\/starfishpro.eu\/pl\/wp-json\/wp\/v2\/pages\/3542\/revisions\/3825"}],"wp:attachment":[{"href":"https:\/\/starfishpro.eu\/pl\/wp-json\/wp\/v2\/media?parent=3542"}],"curies":[{"name":"wp","href":"https:\/\/api.w.org\/{rel}","templated":true}]}}