{"id":10370,"date":"2025-12-18T12:08:14","date_gmt":"2025-12-18T11:08:14","guid":{"rendered":"https:\/\/starfishpro.eu\/?post_type=product&#038;p=10370"},"modified":"2026-02-25T14:50:48","modified_gmt":"2026-02-25T13:50:48","slug":"tangerines-niebieskie-trunksy-100pl-trunks-copy","status":"publish","type":"product","link":"https:\/\/starfishpro.eu\/pl\/produkt\/tangerines-niebieskie-trunksy-100pl-trunks-copy\/","title":{"rendered":"CARD SUITS Czerwone Trunksy 100%PL"},"content":{"rendered":"<p>Jeste\u015bmy r\u00f3\u017cni &#8211; wi\u0119c lubimy r\u00f3\u017cne rzeczy. St\u0105d r\u00f3\u017cnorodno\u015b\u0107 wzor\u00f3w i kolor\u00f3w. Mamy nadziej\u0119, \u017ce sprostamy wszystkim Waszym potrzebom! Chcemy \u017ceby nasze stroje roz\u015bwietla\u0142y baseny na ca\u0142ym \u015bwiecie \ud83d\ude42<\/p>\n","protected":false},"excerpt":{"rendered":"<p>Te k\u0105piel\u00f3wki s\u0105 dwuwarstwowe, wykonane w 100% z poliestru -&gt; ultra odporne na chlor.<\/p>\n<p>Maj\u0105 fajne wzory i \u017cywe kolory. Do codziennych trening\u00f3w.<\/p>\n","protected":false},"featured_media":10380,"template":"","meta":{"inline_featured_image":false},"product_brand":[],"product_cat":[114],"product_tag":[],"class_list":{"0":"post-10370","1":"product","2":"type-product","3":"status-publish","4":"has-post-thumbnail","6":"product_cat-zawodnik","8":"first","9":"instock","10":"taxable","11":"shipping-taxable","12":"purchasable","13":"product-type-variable"},"aioseo_notices":[],"_links":{"self":[{"href":"https:\/\/starfishpro.eu\/pl\/wp-json\/wp\/v2\/product\/10370","targetHints":{"allow":["GET"]}}],"collection":[{"href":"https:\/\/starfishpro.eu\/pl\/wp-json\/wp\/v2\/product"}],"about":[{"href":"https:\/\/starfishpro.eu\/pl\/wp-json\/wp\/v2\/types\/product"}],"wp:featuredmedia":[{"embeddable":true,"href":"https:\/\/starfishpro.eu\/pl\/wp-json\/wp\/v2\/media\/10380"}],"wp:attachment":[{"href":"https:\/\/starfishpro.eu\/pl\/wp-json\/wp\/v2\/media?parent=10370"}],"wp:term":[{"taxonomy":"product_brand","embeddable":true,"href":"https:\/\/starfishpro.eu\/pl\/wp-json\/wp\/v2\/product_brand?post=10370"},{"taxonomy":"product_cat","embeddable":true,"href":"https:\/\/starfishpro.eu\/pl\/wp-json\/wp\/v2\/product_cat?post=10370"},{"taxonomy":"product_tag","embeddable":true,"href":"https:\/\/starfishpro.eu\/pl\/wp-json\/wp\/v2\/product_tag?post=10370"}],"curies":[{"name":"wp","href":"https:\/\/api.w.org\/{rel}","templated":true}]}}