{"id":10607,"date":"2026-01-05T17:56:47","date_gmt":"2026-01-05T16:56:47","guid":{"rendered":"https:\/\/starfishpro.eu\/?post_type=product&#038;p=10607"},"modified":"2026-03-14T09:01:52","modified_gmt":"2026-03-14T08:01:52","slug":"152-158-all-junior-suits-100pl-pro-cut","status":"publish","type":"product","link":"https:\/\/starfishpro.eu\/pl\/produkt\/152-158-all-junior-suits-100pl-pro-cut\/","title":{"rendered":"152 | 158 WSZYSTKIE STROJE JUNIORSKIE Pro-cut 100%PL"},"content":{"rendered":"<p>Jeste\u015bmy r\u00f3\u017cni &#8211; wi\u0119c lubimy r\u00f3\u017cne rzeczy. St\u0105d r\u00f3\u017cnorodno\u015b\u0107 wzor\u00f3w i kolor\u00f3w. Mamy nadziej\u0119, \u017ce sprostamy wszystkim Waszym potrzebom! Chcemy \u017ceby nasze stroje roz\u015bwietla\u0142y baseny na ca\u0142ym \u015bwiecie \ud83d\ude42<\/p>\n","protected":false},"excerpt":{"rendered":"<p>Seria JUNIOR przeznaczona jest dla m\u0142odszych dziewcz\u0105t. Wiek pomi\u0119dzy 8 a 12 lat.<\/p>\n<p>Cienkie rami\u0105czka, \u015brednio-wysokie wyci\u0119cie na nogi, dwuwarstwowy, pi\u0119kne kolory. Do codziennych trening\u00f3w.<\/p>\n<p>Ten kostium zrobiony jest w 100% z poliestru -&gt; ultra-odporny na chlor.<\/p>\n","protected":false},"featured_media":10635,"template":"","meta":{"inline_featured_image":false},"product_brand":[],"product_cat":[116],"product_tag":[],"class_list":{"0":"post-10607","1":"product","2":"type-product","3":"status-publish","4":"has-post-thumbnail","6":"product_cat-ostatnie-sztuki","8":"first","9":"instock","10":"sale","11":"taxable","12":"shipping-taxable","13":"purchasable","14":"product-type-variable"},"aioseo_notices":[],"_links":{"self":[{"href":"https:\/\/starfishpro.eu\/pl\/wp-json\/wp\/v2\/product\/10607","targetHints":{"allow":["GET"]}}],"collection":[{"href":"https:\/\/starfishpro.eu\/pl\/wp-json\/wp\/v2\/product"}],"about":[{"href":"https:\/\/starfishpro.eu\/pl\/wp-json\/wp\/v2\/types\/product"}],"wp:featuredmedia":[{"embeddable":true,"href":"https:\/\/starfishpro.eu\/pl\/wp-json\/wp\/v2\/media\/10635"}],"wp:attachment":[{"href":"https:\/\/starfishpro.eu\/pl\/wp-json\/wp\/v2\/media?parent=10607"}],"wp:term":[{"taxonomy":"product_brand","embeddable":true,"href":"https:\/\/starfishpro.eu\/pl\/wp-json\/wp\/v2\/product_brand?post=10607"},{"taxonomy":"product_cat","embeddable":true,"href":"https:\/\/starfishpro.eu\/pl\/wp-json\/wp\/v2\/product_cat?post=10607"},{"taxonomy":"product_tag","embeddable":true,"href":"https:\/\/starfishpro.eu\/pl\/wp-json\/wp\/v2\/product_tag?post=10607"}],"curies":[{"name":"wp","href":"https:\/\/api.w.org\/{rel}","templated":true}]}}