{"id":10770,"date":"2026-02-21T19:19:21","date_gmt":"2026-02-21T18:19:21","guid":{"rendered":"https:\/\/starfishpro.eu\/?post_type=product&#038;p=10770"},"modified":"2026-03-11T19:03:09","modified_gmt":"2026-03-11T18:03:09","slug":"geometry-blue-100pl-kostium-pro-cut-copy-3","status":"publish","type":"product","link":"https:\/\/starfishpro.eu\/pl\/produkt\/geometry-blue-100pl-kostium-pro-cut-copy-3\/","title":{"rendered":"ORIGAMI Kostium Pro-cut 100%PL"},"content":{"rendered":"<p>Jeste\u015bmy r\u00f3\u017cni &#8211; wi\u0119c lubimy r\u00f3\u017cne rzeczy. St\u0105d r\u00f3\u017cnorodno\u015b\u0107 wzor\u00f3w i kolor\u00f3w. Mamy nadziej\u0119, \u017ce sprostamy wszystkim Waszym potrzebom! Chcemy \u017ceby nasze stroje roz\u015bwietla\u0142y baseny na ca\u0142ym \u015bwiecie \ud83d\ude42<\/p>\n","protected":false},"excerpt":{"rendered":"<p>Cienkie rami\u0105czka, pe\u0142ne lamowanie, \u015brednio-wysokie wyci\u0119cie na nogi, dwuuwarstwowy.<br \/>\nSp\u00f3jna paleta kolor\u00f3w. Do codziennych trening\u00f3w.<br \/>\nTen kostium zrobiony jest w 100% z poliestru -&gt; ultra-odporny na chlor.<\/p>\n","protected":false},"featured_media":10780,"template":"","meta":{"inline_featured_image":false},"product_brand":[],"product_cat":[107],"product_tag":[],"class_list":{"0":"post-10770","1":"product","2":"type-product","3":"status-publish","4":"has-post-thumbnail","6":"product_cat-zawodniczka","8":"first","9":"instock","10":"taxable","11":"shipping-taxable","12":"purchasable","13":"product-type-variable"},"aioseo_notices":[],"_links":{"self":[{"href":"https:\/\/starfishpro.eu\/pl\/wp-json\/wp\/v2\/product\/10770","targetHints":{"allow":["GET"]}}],"collection":[{"href":"https:\/\/starfishpro.eu\/pl\/wp-json\/wp\/v2\/product"}],"about":[{"href":"https:\/\/starfishpro.eu\/pl\/wp-json\/wp\/v2\/types\/product"}],"wp:featuredmedia":[{"embeddable":true,"href":"https:\/\/starfishpro.eu\/pl\/wp-json\/wp\/v2\/media\/10780"}],"wp:attachment":[{"href":"https:\/\/starfishpro.eu\/pl\/wp-json\/wp\/v2\/media?parent=10770"}],"wp:term":[{"taxonomy":"product_brand","embeddable":true,"href":"https:\/\/starfishpro.eu\/pl\/wp-json\/wp\/v2\/product_brand?post=10770"},{"taxonomy":"product_cat","embeddable":true,"href":"https:\/\/starfishpro.eu\/pl\/wp-json\/wp\/v2\/product_cat?post=10770"},{"taxonomy":"product_tag","embeddable":true,"href":"https:\/\/starfishpro.eu\/pl\/wp-json\/wp\/v2\/product_tag?post=10770"}],"curies":[{"name":"wp","href":"https:\/\/api.w.org\/{rel}","templated":true}]}}