{"id":2286,"date":"2021-12-08T11:14:13","date_gmt":"2021-12-08T10:14:13","guid":{"rendered":"https:\/\/starfishpro.eu\/product\/blades-jammers-night-sky\/"},"modified":"2026-04-13T17:04:25","modified_gmt":"2026-04-13T15:04:25","slug":"blades-jammers-night-sky","status":"publish","type":"product","link":"https:\/\/starfishpro.eu\/pl\/produkt\/blades-jammers-night-sky\/","title":{"rendered":"BLADES Nocne Niebo Jammery"},"content":{"rendered":"<p>Jeste\u015bmy r\u00f3\u017cni &#8211; wi\u0119c lubimy r\u00f3\u017cne rzeczy. St\u0105d r\u00f3\u017cnorodno\u015b\u0107 wzor\u00f3w i kolor\u00f3w. Mamy nadziej\u0119, \u017ce sprostamy wszystkim Waszym potrzebom! Ale &#8211; je\u015bli czujecie, \u017ce brakuje Waszego ulubionego koloru &#8211; dajcie zna\u0107! Skontaktujcie si\u0119 z nami &#8211; zawsze mo\u017cemy porozmawia\u0107 o \u201ewyj\u0105tku od regu\u0142y\u201d.<\/p>\n","protected":false},"excerpt":{"rendered":"<p>Te jammery pasuj\u0105 ka\u017cdemu. Co zrobi\u0107? -&gt; Po prostu s\u0105 idealnym wyborem! Zgrana paleta kolor\u00f3w z kontrastowym akcentem. I nowoczesne i klasyczne \ud83d\ude42<\/p>\n<p>Wyr\u00f3\u017cnij si\u0119 z t\u0142umu, ale w spos\u00f3b nienahalny \ud83d\ude09<\/p>\n<p>Nasze stroje k\u0105pielowe wykonane s\u0105 z tkanin Carvico &#8211; 78% poliestru i 22% elastanu -&gt; s\u0105 odporne na chlor.<\/p>\n","protected":false},"featured_media":2661,"template":"","meta":{"inline_featured_image":false},"product_brand":[],"product_cat":[78],"product_tag":[79,80],"class_list":{"0":"post-2286","1":"product","2":"type-product","3":"status-publish","4":"has-post-thumbnail","6":"product_cat-chlopcy","7":"product_tag-jammers-pl","8":"product_tag-kapielowki","10":"first","11":"instock","12":"sale","13":"featured","14":"taxable","15":"shipping-taxable","16":"purchasable","17":"product-type-variable"},"aioseo_notices":[],"_links":{"self":[{"href":"https:\/\/starfishpro.eu\/pl\/wp-json\/wp\/v2\/product\/2286","targetHints":{"allow":["GET"]}}],"collection":[{"href":"https:\/\/starfishpro.eu\/pl\/wp-json\/wp\/v2\/product"}],"about":[{"href":"https:\/\/starfishpro.eu\/pl\/wp-json\/wp\/v2\/types\/product"}],"wp:featuredmedia":[{"embeddable":true,"href":"https:\/\/starfishpro.eu\/pl\/wp-json\/wp\/v2\/media\/2661"}],"wp:attachment":[{"href":"https:\/\/starfishpro.eu\/pl\/wp-json\/wp\/v2\/media?parent=2286"}],"wp:term":[{"taxonomy":"product_brand","embeddable":true,"href":"https:\/\/starfishpro.eu\/pl\/wp-json\/wp\/v2\/product_brand?post=2286"},{"taxonomy":"product_cat","embeddable":true,"href":"https:\/\/starfishpro.eu\/pl\/wp-json\/wp\/v2\/product_cat?post=2286"},{"taxonomy":"product_tag","embeddable":true,"href":"https:\/\/starfishpro.eu\/pl\/wp-json\/wp\/v2\/product_tag?post=2286"}],"curies":[{"name":"wp","href":"https:\/\/api.w.org\/{rel}","templated":true}]}}