{"id":9869,"date":"2025-09-11T12:55:45","date_gmt":"2025-09-11T10:55:45","guid":{"rendered":"https:\/\/starfishpro.eu\/?post_type=product&#038;p=9869"},"modified":"2026-04-19T19:13:59","modified_gmt":"2026-04-19T17:13:59","slug":"goats-niebieskie-trunksy-100-pl","status":"publish","type":"product","link":"https:\/\/starfishpro.eu\/pl\/produkt\/goats-niebieskie-trunksy-100-pl\/","title":{"rendered":"GOATS Niebieskie Trunksy 100% PL"},"content":{"rendered":"<p>Jeste\u015bmy r\u00f3\u017cni &#8211; wi\u0119c lubimy r\u00f3\u017cne rzeczy. St\u0105d r\u00f3\u017cnorodno\u015b\u0107 wzor\u00f3w i kolor\u00f3w. Mamy nadziej\u0119, \u017ce sprostamy wszystkim Waszym potrzebom! Chcemy \u017ceby nasze stroje roz\u015bwietla\u0142y baseny na ca\u0142ym \u015bwiecie \ud83d\ude42<\/p>\n","protected":false},"excerpt":{"rendered":"<p>Te k\u0105piel\u00f3wki s\u0105 dwuwarstwowe, wykonane w 100% z poliestru -&gt; ultra odporne na chlor.<\/p>\n<p>Maj\u0105 fajne wzory i \u017cywe kolory. Do codziennych trening\u00f3w.<\/p>\n","protected":false},"featured_media":9886,"template":"","meta":{"inline_featured_image":false},"product_brand":[],"product_cat":[114],"product_tag":[],"class_list":{"0":"post-9869","1":"product","2":"type-product","3":"status-publish","4":"has-post-thumbnail","6":"product_cat-zawodnik","8":"first","9":"instock","10":"taxable","11":"shipping-taxable","12":"purchasable","13":"product-type-variable"},"aioseo_notices":[],"_links":{"self":[{"href":"https:\/\/starfishpro.eu\/pl\/wp-json\/wp\/v2\/product\/9869","targetHints":{"allow":["GET"]}}],"collection":[{"href":"https:\/\/starfishpro.eu\/pl\/wp-json\/wp\/v2\/product"}],"about":[{"href":"https:\/\/starfishpro.eu\/pl\/wp-json\/wp\/v2\/types\/product"}],"wp:featuredmedia":[{"embeddable":true,"href":"https:\/\/starfishpro.eu\/pl\/wp-json\/wp\/v2\/media\/9886"}],"wp:attachment":[{"href":"https:\/\/starfishpro.eu\/pl\/wp-json\/wp\/v2\/media?parent=9869"}],"wp:term":[{"taxonomy":"product_brand","embeddable":true,"href":"https:\/\/starfishpro.eu\/pl\/wp-json\/wp\/v2\/product_brand?post=9869"},{"taxonomy":"product_cat","embeddable":true,"href":"https:\/\/starfishpro.eu\/pl\/wp-json\/wp\/v2\/product_cat?post=9869"},{"taxonomy":"product_tag","embeddable":true,"href":"https:\/\/starfishpro.eu\/pl\/wp-json\/wp\/v2\/product_tag?post=9869"}],"curies":[{"name":"wp","href":"https:\/\/api.w.org\/{rel}","templated":true}]}}